{"id":4148,"date":"2022-09-01T13:26:30","date_gmt":"2022-09-01T13:26:30","guid":{"rendered":"https:\/\/www.connecto.ee\/naujienos\/"},"modified":"2025-10-24T07:35:49","modified_gmt":"2025-10-24T07:35:49","slug":"naujienos","status":"publish","type":"page","link":"https:\/\/www.connecto.ee\/lt\/naujienos\/","title":{"rendered":"Naujienos"},"content":{"rendered":"\t\t<div data-elementor-type=\"wp-page\" data-elementor-id=\"4148\" class=\"elementor elementor-4148 elementor-765\" data-elementor-post-type=\"page\">\n\t\t\t\t\t\t<section class=\"elementor-section elementor-top-section elementor-element elementor-element-2dc35286 elementor-section-height-min-height elementor-section-boxed elementor-section-height-default elementor-section-items-middle\" data-id=\"2dc35286\" data-element_type=\"section\" data-e-type=\"section\" data-settings=\"{&quot;background_background&quot;:&quot;classic&quot;,&quot;shape_divider_bottom&quot;:&quot;waves&quot;}\">\n\t\t\t\t\t\t\t<div class=\"elementor-background-overlay\"><\/div>\n\t\t\t\t\t\t<div class=\"elementor-shape elementor-shape-bottom\" aria-hidden=\"true\" data-negative=\"false\">\n\t\t\t<svg xmlns=\"http:\/\/www.w3.org\/2000\/svg\" viewBox=\"0 0 1000 100\" preserveAspectRatio=\"none\">\n\t<path class=\"elementor-shape-fill\" d=\"M421.9,6.5c22.6-2.5,51.5,0.4,75.5,5.3c23.6,4.9,70.9,23.5,100.5,35.7c75.8,32.2,133.7,44.5,192.6,49.7\n\tc23.6,2.1,48.7,3.5,103.4-2.5c54.7-6,106.2-25.6,106.2-25.6V0H0v30.3c0,0,72,32.6,158.4,30.5c39.2-0.7,92.8-6.7,134-22.4\n\tc21.2-8.1,52.2-18.2,79.7-24.2C399.3,7.9,411.6,7.5,421.9,6.5z\"\/>\n<\/svg>\t\t<\/div>\n\t\t\t\t\t<div class=\"elementor-container elementor-column-gap-default\">\n\t\t\t\t\t<div class=\"elementor-column elementor-col-100 elementor-top-column elementor-element elementor-element-9cb37eb elementor-invisible\" data-id=\"9cb37eb\" data-element_type=\"column\" data-e-type=\"column\" data-settings=\"{&quot;animation&quot;:&quot;fadeInUp&quot;}\">\n\t\t\t<div class=\"elementor-widget-wrap elementor-element-populated\">\n\t\t\t\t\t\t<div class=\"elementor-element elementor-element-735d37f4 elementor-widget elementor-widget-theme-post-title elementor-page-title elementor-widget-heading\" data-id=\"735d37f4\" data-element_type=\"widget\" data-e-type=\"widget\" data-widget_type=\"theme-post-title.default\">\n\t\t\t\t<div class=\"elementor-widget-container\">\n\t\t\t\t\t<h1 class=\"elementor-heading-title elementor-size-default\">Naujienos<\/h1>\t\t\t\t<\/div>\n\t\t\t\t<\/div>\n\t\t\t\t\t<\/div>\n\t\t<\/div>\n\t\t\t\t\t<\/div>\n\t\t<\/section>\n\t\t\t\t<section class=\"elementor-section elementor-top-section elementor-element elementor-element-7f79329 elementor-section-boxed elementor-section-height-default elementor-section-height-default\" data-id=\"7f79329\" data-element_type=\"section\" data-e-type=\"section\">\n\t\t\t\t\t\t<div class=\"elementor-container elementor-column-gap-default\">\n\t\t\t\t\t<div class=\"elementor-column elementor-col-100 elementor-top-column elementor-element elementor-element-7cd986a\" data-id=\"7cd986a\" data-element_type=\"column\" data-e-type=\"column\">\n\t\t\t<div class=\"elementor-widget-wrap elementor-element-populated\">\n\t\t\t\t\t\t<div class=\"elementor-element elementor-element-deec3cf elementor-posts--align-left elementor-grid-3 elementor-grid-tablet-2 elementor-grid-mobile-1 elementor-posts--thumbnail-top elementor-card-shadow-yes elementor-posts__hover-gradient elementor-invisible elementor-widget elementor-widget-posts\" data-id=\"deec3cf\" data-element_type=\"widget\" data-e-type=\"widget\" data-settings=\"{&quot;cards_row_gap&quot;:{&quot;unit&quot;:&quot;px&quot;,&quot;size&quot;:&quot;30&quot;,&quot;sizes&quot;:[]},&quot;pagination_type&quot;:&quot;numbers_and_prev_next&quot;,&quot;_animation&quot;:&quot;fadeIn&quot;,&quot;cards_columns&quot;:&quot;3&quot;,&quot;cards_columns_tablet&quot;:&quot;2&quot;,&quot;cards_columns_mobile&quot;:&quot;1&quot;,&quot;cards_row_gap_tablet&quot;:{&quot;unit&quot;:&quot;px&quot;,&quot;size&quot;:&quot;&quot;,&quot;sizes&quot;:[]},&quot;cards_row_gap_mobile&quot;:{&quot;unit&quot;:&quot;px&quot;,&quot;size&quot;:&quot;&quot;,&quot;sizes&quot;:[]}}\" data-widget_type=\"posts.cards\">\n\t\t\t\t<div class=\"elementor-widget-container\">\n\t\t\t\t\t\t\t<div class=\"elementor-posts-container elementor-posts elementor-posts--skin-cards elementor-grid\" role=\"list\">\n\t\t\t\t<article class=\"elementor-post elementor-grid-item post-4006 post type-post status-publish format-standard has-post-thumbnail hentry category-uncategorized-lt\" role=\"listitem\">\n\t\t\t<div class=\"elementor-post__card\">\n\t\t\t\t<a class=\"elementor-post__thumbnail__link\" href=\"https:\/\/www.connecto.ee\/lt\/connecto-dirba-vieni-geriausiu-estijos-elektriku\/\" tabindex=\"-1\" ><div class=\"elementor-post__thumbnail\"><img fetchpriority=\"high\" decoding=\"async\" width=\"2000\" height=\"1500\" src=\"https:\/\/www.connecto.ee\/wp-content\/uploads\/2025\/06\/poodiumipilt.jpg\" class=\"attachment-full size-full wp-image-4007\" alt=\"\" srcset=\"https:\/\/www.connecto.ee\/wp-content\/uploads\/2025\/06\/poodiumipilt.jpg 2000w, https:\/\/www.connecto.ee\/wp-content\/uploads\/2025\/06\/poodiumipilt-300x225.jpg 300w, https:\/\/www.connecto.ee\/wp-content\/uploads\/2025\/06\/poodiumipilt-1024x768.jpg 1024w, https:\/\/www.connecto.ee\/wp-content\/uploads\/2025\/06\/poodiumipilt-768x576.jpg 768w, https:\/\/www.connecto.ee\/wp-content\/uploads\/2025\/06\/poodiumipilt-1536x1152.jpg 1536w\" sizes=\"(max-width: 2000px) 100vw, 2000px\" \/><\/div><\/a>\n\t\t\t\t<div class=\"elementor-post__text\">\n\t\t\t\t<h3 class=\"elementor-post__title\">\n\t\t\t<a href=\"https:\/\/www.connecto.ee\/lt\/connecto-dirba-vieni-geriausiu-estijos-elektriku\/\" >\n\t\t\t\t&#8222;Connecto&#8221; dirba vieni geriausi\u0173 Estijos elektrik\u0173\t\t\t<\/a>\n\t\t<\/h3>\n\t\t\t\t<\/div>\n\t\t\t\t\t<\/div>\n\t\t<\/article>\n\t\t\t\t<article class=\"elementor-post elementor-grid-item post-4000 post type-post status-publish format-standard has-post-thumbnail hentry category-uncategorized-lt\" role=\"listitem\">\n\t\t\t<div class=\"elementor-post__card\">\n\t\t\t\t<a class=\"elementor-post__thumbnail__link\" href=\"https:\/\/www.connecto.ee\/lt\/botnijos-sasiauryje-pradeti-antrojo-povandeninio-kabelio-tiesimo-darbai\/\" tabindex=\"-1\" ><div class=\"elementor-post__thumbnail\"><img decoding=\"async\" width=\"1386\" height=\"924\" src=\"https:\/\/www.connecto.ee\/wp-content\/uploads\/2024\/04\/Picture1.jpg\" class=\"attachment-full size-full wp-image-4003\" alt=\"\" srcset=\"https:\/\/www.connecto.ee\/wp-content\/uploads\/2024\/04\/Picture1.jpg 1386w, https:\/\/www.connecto.ee\/wp-content\/uploads\/2024\/04\/Picture1-300x200.jpg 300w, https:\/\/www.connecto.ee\/wp-content\/uploads\/2024\/04\/Picture1-1024x683.jpg 1024w, https:\/\/www.connecto.ee\/wp-content\/uploads\/2024\/04\/Picture1-768x512.jpg 768w\" sizes=\"(max-width: 1386px) 100vw, 1386px\" \/><\/div><\/a>\n\t\t\t\t<div class=\"elementor-post__text\">\n\t\t\t\t<h3 class=\"elementor-post__title\">\n\t\t\t<a href=\"https:\/\/www.connecto.ee\/lt\/botnijos-sasiauryje-pradeti-antrojo-povandeninio-kabelio-tiesimo-darbai\/\" >\n\t\t\t\tBotnijos s\u0105siauryje prad\u0117ti antrojo povandeninio kabelio tiesimo darbai\t\t\t<\/a>\n\t\t<\/h3>\n\t\t\t\t<\/div>\n\t\t\t\t\t<\/div>\n\t\t<\/article>\n\t\t\t\t<article class=\"elementor-post elementor-grid-item post-3986 post type-post status-publish format-standard has-post-thumbnail hentry category-uncategorized-lt\" role=\"listitem\">\n\t\t\t<div class=\"elementor-post__card\">\n\t\t\t\t<a class=\"elementor-post__thumbnail__link\" href=\"https:\/\/www.connecto.ee\/lt\/connecto-pradeda-statyti-raba-saules-energijos-parka-parnu-apskrityje-estijoje\/\" tabindex=\"-1\" ><div class=\"elementor-post__thumbnail\"><img decoding=\"async\" width=\"1080\" height=\"810\" src=\"https:\/\/www.connecto.ee\/wp-content\/uploads\/2023\/09\/pp-scaled-1-1.webp\" class=\"attachment-full size-full wp-image-3991\" alt=\"\" srcset=\"https:\/\/www.connecto.ee\/wp-content\/uploads\/2023\/09\/pp-scaled-1-1.webp 1080w, https:\/\/www.connecto.ee\/wp-content\/uploads\/2023\/09\/pp-scaled-1-1-300x225.webp 300w, https:\/\/www.connecto.ee\/wp-content\/uploads\/2023\/09\/pp-scaled-1-1-1024x768.webp 1024w, https:\/\/www.connecto.ee\/wp-content\/uploads\/2023\/09\/pp-scaled-1-1-768x576.webp 768w\" sizes=\"(max-width: 1080px) 100vw, 1080px\" \/><\/div><\/a>\n\t\t\t\t<div class=\"elementor-post__text\">\n\t\t\t\t<h3 class=\"elementor-post__title\">\n\t\t\t<a href=\"https:\/\/www.connecto.ee\/lt\/connecto-pradeda-statyti-raba-saules-energijos-parka-parnu-apskrityje-estijoje\/\" >\n\t\t\t\t&#8222;Connecto&#8221; pradeda statyti Raba saul\u0117s energijos park\u0105 P\u00e4rnu apskrityje, Estijoje\t\t\t<\/a>\n\t\t<\/h3>\n\t\t\t\t<\/div>\n\t\t\t\t\t<\/div>\n\t\t<\/article>\n\t\t\t\t<article class=\"elementor-post elementor-grid-item post-3975 post type-post status-publish format-standard has-post-thumbnail hentry category-uncategorized-lt\" role=\"listitem\">\n\t\t\t<div class=\"elementor-post__card\">\n\t\t\t\t<a class=\"elementor-post__thumbnail__link\" href=\"https:\/\/www.connecto.ee\/lt\/connecto-rekonstruoti-330-kv-aukstos-itampos-linija-paide-kiisa\/\" tabindex=\"-1\" ><div class=\"elementor-post__thumbnail\"><img loading=\"lazy\" decoding=\"async\" width=\"1024\" height=\"790\" src=\"https:\/\/www.connecto.ee\/wp-content\/uploads\/2023\/09\/t-v-1024x790-1.webp\" class=\"attachment-full size-full wp-image-4584\" alt=\"\" srcset=\"https:\/\/www.connecto.ee\/wp-content\/uploads\/2023\/09\/t-v-1024x790-1.webp 1024w, https:\/\/www.connecto.ee\/wp-content\/uploads\/2023\/09\/t-v-1024x790-1-300x231.webp 300w, https:\/\/www.connecto.ee\/wp-content\/uploads\/2023\/09\/t-v-1024x790-1-768x593.webp 768w\" sizes=\"(max-width: 1024px) 100vw, 1024px\" \/><\/div><\/a>\n\t\t\t\t<div class=\"elementor-post__text\">\n\t\t\t\t<h3 class=\"elementor-post__title\">\n\t\t\t<a href=\"https:\/\/www.connecto.ee\/lt\/connecto-rekonstruoti-330-kv-aukstos-itampos-linija-paide-kiisa\/\" >\n\t\t\t\t&#8222;Connecto&#8221; rekonstruoti 330 kV auk\u0161tos \u012ftampos linij\u0105 Paide-Kiisa\t\t\t<\/a>\n\t\t<\/h3>\n\t\t\t\t<\/div>\n\t\t\t\t\t<\/div>\n\t\t<\/article>\n\t\t\t\t<article class=\"elementor-post elementor-grid-item post-3963 post type-post status-publish format-standard has-post-thumbnail hentry category-uncategorized-lt\" role=\"listitem\">\n\t\t\t<div class=\"elementor-post__card\">\n\t\t\t\t<a class=\"elementor-post__thumbnail__link\" href=\"https:\/\/www.connecto.ee\/lt\/sopi-tootsi-atsinaujinanciosios-energijos-gamybos-zonos-kertinis-akmuo\/\" tabindex=\"-1\" ><div class=\"elementor-post__thumbnail\"><img loading=\"lazy\" decoding=\"async\" width=\"2560\" height=\"1344\" src=\"https:\/\/www.connecto.ee\/wp-content\/uploads\/2023\/08\/Sopi-Tootsi-uudise-juurde_Rasmus-Kooskora_7762-scaled-e1692083774353.jpg\" class=\"attachment-full size-full wp-image-3964\" alt=\"\" srcset=\"https:\/\/www.connecto.ee\/wp-content\/uploads\/2023\/08\/Sopi-Tootsi-uudise-juurde_Rasmus-Kooskora_7762-scaled-e1692083774353.jpg 2560w, https:\/\/www.connecto.ee\/wp-content\/uploads\/2023\/08\/Sopi-Tootsi-uudise-juurde_Rasmus-Kooskora_7762-scaled-e1692083774353-300x158.jpg 300w, https:\/\/www.connecto.ee\/wp-content\/uploads\/2023\/08\/Sopi-Tootsi-uudise-juurde_Rasmus-Kooskora_7762-scaled-e1692083774353-1024x538.jpg 1024w, https:\/\/www.connecto.ee\/wp-content\/uploads\/2023\/08\/Sopi-Tootsi-uudise-juurde_Rasmus-Kooskora_7762-scaled-e1692083774353-768x403.jpg 768w, https:\/\/www.connecto.ee\/wp-content\/uploads\/2023\/08\/Sopi-Tootsi-uudise-juurde_Rasmus-Kooskora_7762-scaled-e1692083774353-1536x806.jpg 1536w, https:\/\/www.connecto.ee\/wp-content\/uploads\/2023\/08\/Sopi-Tootsi-uudise-juurde_Rasmus-Kooskora_7762-scaled-e1692083774353-2048x1075.jpg 2048w\" sizes=\"(max-width: 2560px) 100vw, 2560px\" \/><\/div><\/a>\n\t\t\t\t<div class=\"elementor-post__text\">\n\t\t\t\t<h3 class=\"elementor-post__title\">\n\t\t\t<a href=\"https:\/\/www.connecto.ee\/lt\/sopi-tootsi-atsinaujinanciosios-energijos-gamybos-zonos-kertinis-akmuo\/\" >\n\t\t\t\tSopi-Tootsi atsinaujinan\u010diosios energijos gamybos zonos kertinis akmuo\t\t\t<\/a>\n\t\t<\/h3>\n\t\t\t\t<\/div>\n\t\t\t\t\t<\/div>\n\t\t<\/article>\n\t\t\t\t<article class=\"elementor-post elementor-grid-item post-3957 post type-post status-publish format-standard has-post-thumbnail hentry category-uncategorized-lt\" role=\"listitem\">\n\t\t\t<div class=\"elementor-post__card\">\n\t\t\t\t<a class=\"elementor-post__thumbnail__link\" href=\"https:\/\/www.connecto.ee\/lt\/connecto-stato-nauja-330-kv-pastote-lihuloje\/\" tabindex=\"-1\" ><div class=\"elementor-post__thumbnail\"><img loading=\"lazy\" decoding=\"async\" width=\"2560\" height=\"1919\" src=\"https:\/\/www.connecto.ee\/wp-content\/uploads\/2023\/05\/Lihula-uudise-juurde_Sindi-aj_Copyright-Tiit-Veermae-scaled.jpg\" class=\"attachment-full size-full wp-image-3958\" alt=\"\" srcset=\"https:\/\/www.connecto.ee\/wp-content\/uploads\/2023\/05\/Lihula-uudise-juurde_Sindi-aj_Copyright-Tiit-Veermae-scaled.jpg 2560w, https:\/\/www.connecto.ee\/wp-content\/uploads\/2023\/05\/Lihula-uudise-juurde_Sindi-aj_Copyright-Tiit-Veermae-300x225.jpg 300w, https:\/\/www.connecto.ee\/wp-content\/uploads\/2023\/05\/Lihula-uudise-juurde_Sindi-aj_Copyright-Tiit-Veermae-1024x768.jpg 1024w, https:\/\/www.connecto.ee\/wp-content\/uploads\/2023\/05\/Lihula-uudise-juurde_Sindi-aj_Copyright-Tiit-Veermae-768x576.jpg 768w, https:\/\/www.connecto.ee\/wp-content\/uploads\/2023\/05\/Lihula-uudise-juurde_Sindi-aj_Copyright-Tiit-Veermae-1536x1151.jpg 1536w, https:\/\/www.connecto.ee\/wp-content\/uploads\/2023\/05\/Lihula-uudise-juurde_Sindi-aj_Copyright-Tiit-Veermae-2048x1535.jpg 2048w\" sizes=\"(max-width: 2560px) 100vw, 2560px\" \/><\/div><\/a>\n\t\t\t\t<div class=\"elementor-post__text\">\n\t\t\t\t<h3 class=\"elementor-post__title\">\n\t\t\t<a href=\"https:\/\/www.connecto.ee\/lt\/connecto-stato-nauja-330-kv-pastote-lihuloje\/\" >\n\t\t\t\t&#8222;Connecto&#8221; stato nauj\u0105 330 kV pastot\u0119 Lihuloje\t\t\t<\/a>\n\t\t<\/h3>\n\t\t\t\t<\/div>\n\t\t\t\t\t<\/div>\n\t\t<\/article>\n\t\t\t\t<\/div>\n\t\t\n\t\t\t\t<div class=\"e-load-more-anchor\" data-page=\"1\" data-max-page=\"2\" data-next-page=\"https:\/\/www.connecto.ee\/lt\/wp-json\/wp\/v2\/pages\/4148\/page\/2\/\"><\/div>\n\t\t\t\t<nav class=\"elementor-pagination\" aria-label=\"Pagination\">\n\t\t\t<span class=\"page-numbers prev\">\u00ab Ankstesnis<\/span>\n<span aria-current=\"page\" class=\"page-numbers current\"><span class=\"elementor-screen-only\">Page<\/span>1<\/span>\n<a class=\"page-numbers\" href=\"https:\/\/www.connecto.ee\/lt\/wp-json\/wp\/v2\/pages\/4148\/page\/2\/\"><span class=\"elementor-screen-only\">Page<\/span>2<\/a>\n<a class=\"page-numbers next\" href=\"https:\/\/www.connecto.ee\/lt\/wp-json\/wp\/v2\/pages\/4148\/page\/2\/\">Kitas \u00bb<\/a>\t\t<\/nav>\n\t\t\t\t\t\t<\/div>\n\t\t\t\t<\/div>\n\t\t\t\t\t<\/div>\n\t\t<\/div>\n\t\t\t\t\t<\/div>\n\t\t<\/section>\n\t\t\t\t<\/div>\n\t\t","protected":false},"excerpt":{"rendered":"","protected":false},"author":1,"featured_media":255,"parent":0,"menu_order":0,"comment_status":"closed","ping_status":"closed","template":"elementor_header_footer","meta":{"footnotes":""},"class_list":["post-4148","page","type-page","status-publish","has-post-thumbnail","hentry"],"yoast_head":"<!-- This site is optimized with the Yoast SEO plugin v27.2 - https:\/\/yoast.com\/product\/yoast-seo-wordpress\/ -->\n<title>Naujienos - Connecto<\/title>\n<meta name=\"robots\" content=\"index, follow, max-snippet:-1, max-image-preview:large, max-video-preview:-1\" \/>\n<link rel=\"canonical\" href=\"https:\/\/www.connecto.ee\/lt\/naujienos\/\" \/>\n<meta property=\"og:locale\" content=\"lt_LT\" \/>\n<meta property=\"og:type\" content=\"article\" \/>\n<meta property=\"og:title\" content=\"Naujienos - Connecto\" \/>\n<meta property=\"og:url\" content=\"https:\/\/www.connecto.ee\/lt\/naujienos\/\" \/>\n<meta property=\"og:site_name\" content=\"Connecto\" \/>\n<meta property=\"article:publisher\" content=\"https:\/\/www.facebook.com\/Connecto-Eesti-290268228520081\/\" \/>\n<meta property=\"article:modified_time\" content=\"2025-10-24T07:35:49+00:00\" \/>\n<meta property=\"og:image\" content=\"https:\/\/www.connecto.ee\/wp-content\/uploads\/2022\/08\/74939611-1e4c-4011-9664-1711ca986e5b.jpg\" \/>\n\t<meta property=\"og:image:width\" content=\"1472\" \/>\n\t<meta property=\"og:image:height\" content=\"828\" \/>\n\t<meta property=\"og:image:type\" content=\"image\/jpeg\" \/>\n<meta name=\"twitter:card\" content=\"summary_large_image\" \/>\n<script type=\"application\/ld+json\" class=\"yoast-schema-graph\">{\"@context\":\"https:\/\/schema.org\",\"@graph\":[{\"@type\":\"WebPage\",\"@id\":\"https:\/\/www.connecto.ee\/lt\/naujienos\/\",\"url\":\"https:\/\/www.connecto.ee\/lt\/naujienos\/\",\"name\":\"Naujienos - Connecto\",\"isPartOf\":{\"@id\":\"https:\/\/www.connecto.ee\/lt\/#website\"},\"primaryImageOfPage\":{\"@id\":\"https:\/\/www.connecto.ee\/lt\/naujienos\/#primaryimage\"},\"image\":{\"@id\":\"https:\/\/www.connecto.ee\/lt\/naujienos\/#primaryimage\"},\"thumbnailUrl\":\"https:\/\/www.connecto.ee\/wp-content\/uploads\/2022\/08\/74939611-1e4c-4011-9664-1711ca986e5b.jpg\",\"datePublished\":\"2022-09-01T13:26:30+00:00\",\"dateModified\":\"2025-10-24T07:35:49+00:00\",\"breadcrumb\":{\"@id\":\"https:\/\/www.connecto.ee\/lt\/naujienos\/#breadcrumb\"},\"inLanguage\":\"lt-LT\",\"potentialAction\":[{\"@type\":\"ReadAction\",\"target\":[\"https:\/\/www.connecto.ee\/lt\/naujienos\/\"]}]},{\"@type\":\"ImageObject\",\"inLanguage\":\"lt-LT\",\"@id\":\"https:\/\/www.connecto.ee\/lt\/naujienos\/#primaryimage\",\"url\":\"https:\/\/www.connecto.ee\/wp-content\/uploads\/2022\/08\/74939611-1e4c-4011-9664-1711ca986e5b.jpg\",\"contentUrl\":\"https:\/\/www.connecto.ee\/wp-content\/uploads\/2022\/08\/74939611-1e4c-4011-9664-1711ca986e5b.jpg\",\"width\":1472,\"height\":828,\"caption\":\"AS Connecto\"},{\"@type\":\"BreadcrumbList\",\"@id\":\"https:\/\/www.connecto.ee\/lt\/naujienos\/#breadcrumb\",\"itemListElement\":[{\"@type\":\"ListItem\",\"position\":1,\"name\":\"Home\",\"item\":\"https:\/\/www.connecto.ee\/lt\/\"},{\"@type\":\"ListItem\",\"position\":2,\"name\":\"Naujienos\"}]},{\"@type\":\"WebSite\",\"@id\":\"https:\/\/www.connecto.ee\/lt\/#website\",\"url\":\"https:\/\/www.connecto.ee\/lt\/\",\"name\":\"Connecto\",\"description\":\"Elektri, telekommunikatsiooni ja gaasiv&otilde;rkude ehitamine ja hooldamine\",\"publisher\":{\"@id\":\"https:\/\/www.connecto.ee\/lt\/#organization\"},\"potentialAction\":[{\"@type\":\"SearchAction\",\"target\":{\"@type\":\"EntryPoint\",\"urlTemplate\":\"https:\/\/www.connecto.ee\/lt\/?s={search_term_string}\"},\"query-input\":{\"@type\":\"PropertyValueSpecification\",\"valueRequired\":true,\"valueName\":\"search_term_string\"}}],\"inLanguage\":\"lt-LT\"},{\"@type\":\"Organization\",\"@id\":\"https:\/\/www.connecto.ee\/lt\/#organization\",\"name\":\"Connecto\",\"url\":\"https:\/\/www.connecto.ee\/lt\/\",\"logo\":{\"@type\":\"ImageObject\",\"inLanguage\":\"lt-LT\",\"@id\":\"https:\/\/www.connecto.ee\/lt\/#\/schema\/logo\/image\/\",\"url\":\"https:\/\/www.connecto.ee\/wp-content\/uploads\/2022\/07\/Connecto-hor-pos-cmyk-1-1.png\",\"contentUrl\":\"https:\/\/www.connecto.ee\/wp-content\/uploads\/2022\/07\/Connecto-hor-pos-cmyk-1-1.png\",\"width\":2693,\"height\":420,\"caption\":\"Connecto\"},\"image\":{\"@id\":\"https:\/\/www.connecto.ee\/lt\/#\/schema\/logo\/image\/\"},\"sameAs\":[\"https:\/\/www.facebook.com\/Connecto-Eesti-290268228520081\/\",\"https:\/\/ee.linkedin.com\/company\/connecto-eesti\"]}]}<\/script>\n<!-- \/ Yoast SEO plugin. -->","yoast_head_json":{"title":"Naujienos - Connecto","robots":{"index":"index","follow":"follow","max-snippet":"max-snippet:-1","max-image-preview":"max-image-preview:large","max-video-preview":"max-video-preview:-1"},"canonical":"https:\/\/www.connecto.ee\/lt\/naujienos\/","og_locale":"lt_LT","og_type":"article","og_title":"Naujienos - Connecto","og_url":"https:\/\/www.connecto.ee\/lt\/naujienos\/","og_site_name":"Connecto","article_publisher":"https:\/\/www.facebook.com\/Connecto-Eesti-290268228520081\/","article_modified_time":"2025-10-24T07:35:49+00:00","og_image":[{"width":1472,"height":828,"url":"https:\/\/www.connecto.ee\/wp-content\/uploads\/2022\/08\/74939611-1e4c-4011-9664-1711ca986e5b.jpg","type":"image\/jpeg"}],"twitter_card":"summary_large_image","schema":{"@context":"https:\/\/schema.org","@graph":[{"@type":"WebPage","@id":"https:\/\/www.connecto.ee\/lt\/naujienos\/","url":"https:\/\/www.connecto.ee\/lt\/naujienos\/","name":"Naujienos - Connecto","isPartOf":{"@id":"https:\/\/www.connecto.ee\/lt\/#website"},"primaryImageOfPage":{"@id":"https:\/\/www.connecto.ee\/lt\/naujienos\/#primaryimage"},"image":{"@id":"https:\/\/www.connecto.ee\/lt\/naujienos\/#primaryimage"},"thumbnailUrl":"https:\/\/www.connecto.ee\/wp-content\/uploads\/2022\/08\/74939611-1e4c-4011-9664-1711ca986e5b.jpg","datePublished":"2022-09-01T13:26:30+00:00","dateModified":"2025-10-24T07:35:49+00:00","breadcrumb":{"@id":"https:\/\/www.connecto.ee\/lt\/naujienos\/#breadcrumb"},"inLanguage":"lt-LT","potentialAction":[{"@type":"ReadAction","target":["https:\/\/www.connecto.ee\/lt\/naujienos\/"]}]},{"@type":"ImageObject","inLanguage":"lt-LT","@id":"https:\/\/www.connecto.ee\/lt\/naujienos\/#primaryimage","url":"https:\/\/www.connecto.ee\/wp-content\/uploads\/2022\/08\/74939611-1e4c-4011-9664-1711ca986e5b.jpg","contentUrl":"https:\/\/www.connecto.ee\/wp-content\/uploads\/2022\/08\/74939611-1e4c-4011-9664-1711ca986e5b.jpg","width":1472,"height":828,"caption":"AS Connecto"},{"@type":"BreadcrumbList","@id":"https:\/\/www.connecto.ee\/lt\/naujienos\/#breadcrumb","itemListElement":[{"@type":"ListItem","position":1,"name":"Home","item":"https:\/\/www.connecto.ee\/lt\/"},{"@type":"ListItem","position":2,"name":"Naujienos"}]},{"@type":"WebSite","@id":"https:\/\/www.connecto.ee\/lt\/#website","url":"https:\/\/www.connecto.ee\/lt\/","name":"Connecto","description":"Elektri, telekommunikatsiooni ja gaasiv&otilde;rkude ehitamine ja hooldamine","publisher":{"@id":"https:\/\/www.connecto.ee\/lt\/#organization"},"potentialAction":[{"@type":"SearchAction","target":{"@type":"EntryPoint","urlTemplate":"https:\/\/www.connecto.ee\/lt\/?s={search_term_string}"},"query-input":{"@type":"PropertyValueSpecification","valueRequired":true,"valueName":"search_term_string"}}],"inLanguage":"lt-LT"},{"@type":"Organization","@id":"https:\/\/www.connecto.ee\/lt\/#organization","name":"Connecto","url":"https:\/\/www.connecto.ee\/lt\/","logo":{"@type":"ImageObject","inLanguage":"lt-LT","@id":"https:\/\/www.connecto.ee\/lt\/#\/schema\/logo\/image\/","url":"https:\/\/www.connecto.ee\/wp-content\/uploads\/2022\/07\/Connecto-hor-pos-cmyk-1-1.png","contentUrl":"https:\/\/www.connecto.ee\/wp-content\/uploads\/2022\/07\/Connecto-hor-pos-cmyk-1-1.png","width":2693,"height":420,"caption":"Connecto"},"image":{"@id":"https:\/\/www.connecto.ee\/lt\/#\/schema\/logo\/image\/"},"sameAs":["https:\/\/www.facebook.com\/Connecto-Eesti-290268228520081\/","https:\/\/ee.linkedin.com\/company\/connecto-eesti"]}]}},"_links":{"self":[{"href":"https:\/\/www.connecto.ee\/lt\/wp-json\/wp\/v2\/pages\/4148","targetHints":{"allow":["GET"]}}],"collection":[{"href":"https:\/\/www.connecto.ee\/lt\/wp-json\/wp\/v2\/pages"}],"about":[{"href":"https:\/\/www.connecto.ee\/lt\/wp-json\/wp\/v2\/types\/page"}],"author":[{"embeddable":true,"href":"https:\/\/www.connecto.ee\/lt\/wp-json\/wp\/v2\/users\/1"}],"replies":[{"embeddable":true,"href":"https:\/\/www.connecto.ee\/lt\/wp-json\/wp\/v2\/comments?post=4148"}],"version-history":[{"count":1,"href":"https:\/\/www.connecto.ee\/lt\/wp-json\/wp\/v2\/pages\/4148\/revisions"}],"predecessor-version":[{"id":4150,"href":"https:\/\/www.connecto.ee\/lt\/wp-json\/wp\/v2\/pages\/4148\/revisions\/4150"}],"wp:featuredmedia":[{"embeddable":true,"href":"https:\/\/www.connecto.ee\/lt\/wp-json\/wp\/v2\/media\/255"}],"wp:attachment":[{"href":"https:\/\/www.connecto.ee\/lt\/wp-json\/wp\/v2\/media?parent=4148"}],"curies":[{"name":"wp","href":"https:\/\/api.w.org\/{rel}","templated":true}]}}